{"id":1059,"date":"2024-02-15T14:04:30","date_gmt":"2024-02-15T14:04:30","guid":{"rendered":"https:\/\/finansukonsultants.d1.grandem.eu\/services\/biznesa-plana-sagatavosana\/"},"modified":"2024-11-29T10:25:07","modified_gmt":"2024-11-29T10:25:07","slug":"biznesa-plana-sagatavosana","status":"publish","type":"page","link":"https:\/\/finansukonsultants.lv\/en\/services\/biznesa-plana-sagatavosana\/","title":{"rendered":"Business plan development"},"content":{"rendered":"<h1>Biznesa pl\u0101nu izstr\u0101de<\/h1>\n<hr \/>\n<h3>Izstr\u0101d\u0101jam biznesa pl\u0101nu finan\u0161u piesaistei, Altum START-UP program\u0101m, biznesa att\u012bst\u012bbai un pareizu l\u0113mumu pie\u0146em\u0161anai, ja pl\u0101nojat ieviest jaunu produktu vai pakalpojumu.<\/h3>\n<p><strong>Kas ietilpst biznesa pl\u0101na izstr\u0101d\u0113:<\/strong><\/p>\n<p>1) Uz\u0146\u0113muma raksturojumus<br \/>\n2) Produkcijas vai pakalpojuma apraksts<br \/>\n3) Tirgus anal\u012bzes apraksts<br \/>\n4) Risku anal\u012bze apraksts<br \/>\n5) Finan\u0161u pl\u0101ns ( naudas pl\u016bsmas sagatavo\u0161ana, prognoz\u0113t\u0101s bilances un pe\u013cnas\/ zaud\u0113juma apr\u0113kins)<br \/>\n6) Konsult\u0101cija<\/p>\n<p><strong>Cena par biznesa pl\u0101na sagatavo\u0161anu s\u0101kot no 700 EUR + PVN<\/strong><\/p>\n<p>Biznesa pl\u0101na sagatavo\u0161anas termi\u0146\u0161 &#8211; 14 dienas<\/p>\n<p>Lai sagatavotu pied\u0101v\u0101jumu tie\u0161i J\u016bsu biznesa idejai, sazinieties ar m\u016bsu speci\u0101listu.<\/p>\n","protected":false},"excerpt":{"rendered":"<p>Biznesa pl\u0101nu izstr\u0101de Izstr\u0101d\u0101jam biznesa pl\u0101nu finan\u0161u piesaistei, Altum START-UP program\u0101m, biznesa att\u012bst\u012bbai un pareizu l\u0113mumu pie\u0146em\u0161anai, ja pl\u0101nojat ieviest jaunu produktu vai pakalpojumu. Kas ietilpst biznesa pl\u0101na izstr\u0101d\u0113: 1) Uz\u0146\u0113muma raksturojumus 2) Produkcijas vai pakalpojuma apraksts 3) Tirgus anal\u012bzes apraksts 4) Risku anal\u012bze apraksts 5) Finan\u0161u pl\u0101ns ( naudas pl\u016bsmas sagatavo\u0161ana, prognoz\u0113t\u0101s bilances un [&hellip;]<\/p>\n","protected":false},"author":3,"featured_media":0,"parent":329,"menu_order":0,"comment_status":"closed","ping_status":"closed","template":"page-services.php","meta":{"_acf_changed":false,"footnotes":""},"class_list":["post-1059","page","type-page","status-publish","hentry"],"acf":[],"aioseo_notices":[],"_links":{"self":[{"href":"https:\/\/finansukonsultants.lv\/en\/wp-json\/wp\/v2\/pages\/1059","targetHints":{"allow":["GET"]}}],"collection":[{"href":"https:\/\/finansukonsultants.lv\/en\/wp-json\/wp\/v2\/pages"}],"about":[{"href":"https:\/\/finansukonsultants.lv\/en\/wp-json\/wp\/v2\/types\/page"}],"author":[{"embeddable":true,"href":"https:\/\/finansukonsultants.lv\/en\/wp-json\/wp\/v2\/users\/3"}],"replies":[{"embeddable":true,"href":"https:\/\/finansukonsultants.lv\/en\/wp-json\/wp\/v2\/comments?post=1059"}],"version-history":[{"count":0,"href":"https:\/\/finansukonsultants.lv\/en\/wp-json\/wp\/v2\/pages\/1059\/revisions"}],"up":[{"embeddable":true,"href":"https:\/\/finansukonsultants.lv\/en\/wp-json\/wp\/v2\/pages\/329"}],"wp:attachment":[{"href":"https:\/\/finansukonsultants.lv\/en\/wp-json\/wp\/v2\/media?parent=1059"}],"curies":[{"name":"wp","href":"https:\/\/api.w.org\/{rel}","templated":true}]}}